{"id":9906,"date":"2025-04-29T03:16:15","date_gmt":"2025-04-29T09:16:15","guid":{"rendered":"https:\/\/turiztik.com\/?post_type=product&#038;p=9906"},"modified":"2026-01-30T03:38:45","modified_gmt":"2026-01-30T09:38:45","slug":"tour-de-antigua-e-ride","status":"publish","type":"product","link":"https:\/\/turiztik.com\/en\/product\/tour-de-antigua-e-ride\/","title":{"rendered":"Tour de Antigua\u00a0E-Ride"},"content":{"rendered":"","protected":false},"excerpt":{"rendered":"<p>FRANGMENTS OF THE PAST<\/p>\n<p>\ud83d\ude98 <strong data-start=\"242\" data-end=\"260\">Parque Central<\/strong> \u2013 Sum\u00e9rgete en la vida local desde un E-Ride.<br data-start=\"306\" data-end=\"309\" \/><strong data-start=\"309\" data-end=\"333\">\ud83d\ude98Catedral de San Jos\u00e9<\/strong> \u2013 Vive la grandeza colonial con acceso y gu\u00eda exclusiva.<br data-start=\"390\" data-end=\"393\" \/><strong data-start=\"393\" data-end=\"419\">\ud83d\ude98Arco de Santa Catalina<\/strong> \u2013 Captura tu momento perfecto bajo el emblem\u00e1tico arco.<br data-start=\"475\" data-end=\"478\" \/><strong data-start=\"478\" data-end=\"502\">\ud83d\ude98Iglesia de La Merced<\/strong> \u2013 Admira vistas \u00fanicas desde sus c\u00fapulas hist\u00f3ricas doradas.<br data-start=\"563\" data-end=\"566\" \/><strong data-start=\"566\" data-end=\"594\">\ud83d\ude98Convento de Santa Teresa<\/strong> \u2013 Explora ruinas secretas y relatos poco conocidos VIP.<br data-start=\"650\" data-end=\"653\" \/><strong data-start=\"653\" data-end=\"681\">\ud83d\ude98Mirador Cerro de la Cruz<\/strong> \u2013 Disfruta panoramas inigualables en un tour exclusivo.<br data-start=\"737\" data-end=\"740\" \/><strong data-start=\"740\" data-end=\"776\" data-is-only-node=\"\">\ud83d\ude98Iglesia de Candelaria Panor\u00e1mico<\/strong> \u2013 Espiritualidad intacta, historia viva, rinc\u00f3n colonial oculto.<br data-start=\"841\" data-end=\"844\" \/><strong data-start=\"844\" data-end=\"881\">\ud83d\ude98Convento de Capuchinas Panor\u00e1mico<\/strong> \u2013 Claustro \u00fanico, silencio sagrado, arquitectura que conmueve.<br data-start=\"944\" data-end=\"947\" \/><strong data-start=\"947\" data-end=\"966\">\ud83d\ude98Tanque La Uni\u00f3n<\/strong> \u2013 Escenario colonial aut\u00e9ntico, historias locales, fotos perfectas.<br data-start=\"1034\" data-end=\"1037\" \/><strong data-start=\"1037\" data-end=\"1064\">\ud83d\ude98San Francisco el Grande<\/strong> \u2013 Conecta con la espiritualidad y el misticismo colonial aut\u00e9ntico.<\/p>\n<h3 data-start=\"1139\" data-end=\"1165\">Tour Est\u00e1ndar incluye:<\/h3>\n<p data-start=\"1166\" data-end=\"1296\">\u2714 Gu\u00eda tur\u00edstico<br data-start=\"1182\" data-end=\"1185\" \/>\u2714 Tour cultural<br data-start=\"1200\" data-end=\"1203\" \/>\u2714 Tour de experiencia<br data-start=\"1224\" data-end=\"1227\" \/>\u2714 Tour panor\u00e1mico<br data-start=\"1244\" data-end=\"1247\" \/>\u2714 Seguro de pasajeros<br data-start=\"1268\" data-end=\"1271\" \/>\u2714 Carro cl\u00e1sico el\u00e9ctrico<\/p>","protected":false},"author":11,"featured_media":9857,"comment_status":"open","ping_status":"closed","template":"","meta":{"inline_featured_image":false},"product_brand":[],"product_cat":[199],"product_tag":[],"class_list":{"0":"post-9906","1":"product","2":"type-product","3":"status-publish","4":"has-post-thumbnail","6":"product_cat-tikal","9":"instock","10":"virtual","11":"purchasable","12":"product-type-simple"},"_links":{"self":[{"href":"https:\/\/turiztik.com\/en\/wp-json\/wp\/v2\/product\/9906","targetHints":{"allow":["GET"]}}],"collection":[{"href":"https:\/\/turiztik.com\/en\/wp-json\/wp\/v2\/product"}],"about":[{"href":"https:\/\/turiztik.com\/en\/wp-json\/wp\/v2\/types\/product"}],"author":[{"embeddable":true,"href":"https:\/\/turiztik.com\/en\/wp-json\/wp\/v2\/users\/11"}],"replies":[{"embeddable":true,"href":"https:\/\/turiztik.com\/en\/wp-json\/wp\/v2\/comments?post=9906"}],"wp:featuredmedia":[{"embeddable":true,"href":"https:\/\/turiztik.com\/en\/wp-json\/wp\/v2\/media\/9857"}],"wp:attachment":[{"href":"https:\/\/turiztik.com\/en\/wp-json\/wp\/v2\/media?parent=9906"}],"wp:term":[{"taxonomy":"product_brand","embeddable":true,"href":"https:\/\/turiztik.com\/en\/wp-json\/wp\/v2\/product_brand?post=9906"},{"taxonomy":"product_cat","embeddable":true,"href":"https:\/\/turiztik.com\/en\/wp-json\/wp\/v2\/product_cat?post=9906"},{"taxonomy":"product_tag","embeddable":true,"href":"https:\/\/turiztik.com\/en\/wp-json\/wp\/v2\/product_tag?post=9906"}],"curies":[{"name":"wp","href":"https:\/\/api.w.org\/{rel}","templated":true}]}}